{"id":1678,"date":"2022-06-06T07:42:22","date_gmt":"2022-06-06T05:42:22","guid":{"rendered":"https:\/\/nicktesting.kinsta.cloud\/shopdiko1\/?page_id=10"},"modified":"2025-04-09T09:43:04","modified_gmt":"2025-04-09T07:43:04","slug":"cart","status":"publish","type":"page","link":"https:\/\/socialsail.it\/it\/cart\/","title":{"rendered":"Carrello"},"content":{"rendered":"<div data-elementor-type=\"wp-page\" data-elementor-id=\"1678\" class=\"elementor elementor-1678\">\n\t\t\t\t<div class=\"elementor-element elementor-element-58a0c47 e-flex e-con-boxed e-con e-parent\" data-id=\"58a0c47\" data-element_type=\"container\">\n\t\t\t\t\t<div class=\"e-con-inner\">\n\t\t<div class=\"elementor-element elementor-element-4f25d86 e-con-full e-flex e-con e-child\" data-id=\"4f25d86\" data-element_type=\"container\">\n\t\t\t\t<div class=\"elementor-element elementor-element-e14450f elementor-widget elementor-widget-heading\" data-id=\"e14450f\" data-element_type=\"widget\" data-widget_type=\"heading.default\">\n\t\t\t\t<div class=\"elementor-widget-container\">\n\t\t\t\t\t<h2 class=\"elementor-heading-title elementor-size-default\">Carrello<\/h2>\t\t\t\t<\/div>\n\t\t\t\t<\/div>\n\t\t\t\t<\/div>\n\t\t\t\t\t<\/div>\n\t\t\t\t<\/div>\n\t\t\t\t<\/div>","protected":false},"excerpt":{"rendered":"<p>Carrello Rimuovi articolo Miniatura immagine Prodotto Prezzo Quantit\u00e0 Subtotale &times; Daily sailing boat tour with skipper and chef Adults: 1 \u00d7 &euro;&nbsp;70,00 Tour Date: April 25, 2025 &euro;&nbsp;70,00 Daily sailing boat tour with skipper and chef quantit\u00e0 &euro;&nbsp;70,00 Aggiorna carrello Applica coupon Total Subtotale &euro;&nbsp;70,00 Totale &euro;&nbsp;70,00 Procedi al checkout<\/p>","protected":false},"author":1,"featured_media":0,"parent":0,"menu_order":0,"comment_status":"closed","ping_status":"closed","template":"","meta":{"footnotes":""},"class_list":["post-1678","page","type-page","status-publish","hentry"],"_links":{"self":[{"href":"https:\/\/socialsail.it\/it\/wp-json\/wp\/v2\/pages\/1678","targetHints":{"allow":["GET"]}}],"collection":[{"href":"https:\/\/socialsail.it\/it\/wp-json\/wp\/v2\/pages"}],"about":[{"href":"https:\/\/socialsail.it\/it\/wp-json\/wp\/v2\/types\/page"}],"author":[{"embeddable":true,"href":"https:\/\/socialsail.it\/it\/wp-json\/wp\/v2\/users\/1"}],"replies":[{"embeddable":true,"href":"https:\/\/socialsail.it\/it\/wp-json\/wp\/v2\/comments?post=1678"}],"version-history":[{"count":46,"href":"https:\/\/socialsail.it\/it\/wp-json\/wp\/v2\/pages\/1678\/revisions"}],"predecessor-version":[{"id":4453,"href":"https:\/\/socialsail.it\/it\/wp-json\/wp\/v2\/pages\/1678\/revisions\/4453"}],"wp:attachment":[{"href":"https:\/\/socialsail.it\/it\/wp-json\/wp\/v2\/media?parent=1678"}],"curies":[{"name":"wp","href":"https:\/\/api.w.org\/{rel}","templated":true}]}}